{"id":1669,"date":"2012-09-01T05:05:20","date_gmt":"2012-09-01T08:05:20","guid":{"rendered":"https:\/\/www.mochileiros.com\/blog\/?page_id=1669"},"modified":"2025-03-18T15:45:08","modified_gmt":"2025-03-18T18:45:08","slug":"sobre-o-mochileiros","status":"publish","type":"page","link":"https:\/\/www.mochileiros.com\/blog\/sobre-o-mochileiros","title":{"rendered":"Quem Somos"},"content":{"rendered":"\n<p class=\"wp-block-paragraph\">O Mochileiros.com \u00e9 uma das maiores comunidades online de viajantes independentes e mochileiros do Brasil. Criado em 1997, o site funciona como uma rede social \/ f\u00f3rum onde os usu\u00e1rios compartilham relatos de viagens, dicas, roteiros, informa\u00e7\u00f5es sobre hospedagens econ\u00f4micas, transporte e outras experi\u00eancias relacionadas ao turismo de <a href=\"https:\/\/www.mochileiros.com\/blog\/mochilao\" data-type=\"link\" data-id=\"https:\/\/www.mochileiros.com\/blog\/mochilao\"><span style=\"text-decoration: underline;\"><strong>Mochil\u00e3o<\/strong><\/span><\/a> e toda uma cultura que envolve a palavra &#8220;<strong>Mochileiro<\/strong>&#8221; no Brasil.<\/p>\n\n\n\n<p class=\"wp-block-paragraph\">Al\u00e9m do f\u00f3rum, o Mochileiros.com tamb\u00e9m tem um blog e redes sociais, onde publica conte\u00fados sobre destinos, cultura de viagem e dicas para quem quer explorar o mundo de forma mais aut\u00f4noma e econ\u00f4mica. A comunidade \u00e9 muito ativa e inclui desde viajantes iniciantes at\u00e9 mochileiros experientes que ajudam a responder d\u00favidas e compartilhar conhecimento.<\/p>\n\n\n\n<p class=\"wp-block-paragraph\">O <strong>blog da comunidade Mochileiros.com<\/strong>, passou (em mar\u00e7o de 2018) a abrigar o conte\u00fado do antigo blog Mochila Brasil, site que nasceu em 1997\/1999 como uma revista-web \/ blog destinado \u00e0 mochileiros e viajantes independentes.<br \/>J\u00e1 naquele ano, sob o j\u00e1 extinto dom\u00ednio www.mochillabrasil.cjb.net (hospedado no tamb\u00e9m j\u00e1 extinto Geocities) foi o primeiro \u00f3rg\u00e3o de imprensa nacional a falar de Turismo Backpacker, ou Turismo mochileiro.<br \/>Em termos de conte\u00fado, trazendo-o para os dias de hoje, podemos consider\u00e1-lo um<em>&nbsp;blog de viagem (provavelmente um dos primeiros)<\/em>. Naquele tempo ainda n\u00e3o havia as ferramentas de blog, mas nosso conte\u00fado era t\u00e3o empolgante quanto hoje e dele nasceu a comunidade Mochileiros.com, refer\u00eancia no assunto em l\u00edngua portuguesa.<br \/>Em 2000 surgiu sob seu endere\u00e7o oficial e definitivo <span style=\"text-decoration: underline;\"><a href=\"https:\/\/www.mochileiros.com\/blog\/\" target=\"_blank\" rel=\"noopener noreferrer\">www.mochilabrasil.com.br<\/a><\/span> e de 2002 a mar\u00e7o de 2018 fez parte da esta\u00e7\u00e3o Viagem do portal UOL.<\/p>\n\n\n\n<h2 class=\"wp-block-heading\"><strong>Quem faz<\/strong><\/h2>\n\n\n\n<p class=\"wp-block-paragraph\"><strong>Claudia Severo de Almeida<\/strong>, 47 &#8211; jornalista (MTB: 31.962 &#8211; DRT\/SP).<br \/><strong>Silnei L Andrade<\/strong>, 52 &#8211; fot\u00f3grafo, videomaker e webmaster.<br \/><strong>Os viajantes<\/strong> &#8211; protagonistas de hist\u00f3rias e experi\u00eancias incr\u00edveis mundo afora,&nbsp;&nbsp;nossa fonte de inspira\u00e7\u00e3o.<\/p>\n\n\n<div class=\"wp-block-image\">\n<figure class=\"aligncenter\"><a href=\"https:\/\/www.mochileiros.com\/blog\/sobre-o-mochila-brasil\/attachment\/fotohistoria\" rel=\"attachment wp-att-13671\"><img loading=\"lazy\" decoding=\"async\" width=\"700\" height=\"933\" src=\"https:\/\/www.mochileiros.com\/blog\/wp-content\/uploads\/2012\/09\/fotohistoria.jpg\" alt=\"Claudia e Silnei no vulc\u00e3o Quilotoa, Equador | Foto: Arquivo pessoal.\" class=\"wp-image-13671\" srcset=\"https:\/\/www.mochileiros.com\/blog\/wp-content\/uploads\/2012\/09\/fotohistoria.jpg 700w, https:\/\/www.mochileiros.com\/blog\/wp-content\/uploads\/2012\/09\/fotohistoria-225x300.jpg 225w, https:\/\/www.mochileiros.com\/blog\/wp-content\/uploads\/2012\/09\/fotohistoria-313x417.jpg 313w, https:\/\/www.mochileiros.com\/blog\/wp-content\/uploads\/2012\/09\/fotohistoria-15x20.jpg 15w\" sizes=\"auto, (max-width: 700px) 100vw, 700px\" \/><\/a><figcaption class=\"wp-element-caption\">Claudia e Silnei no vulc\u00e3o Quilotoa, Equador | Foto: Arquivo pessoal.<\/figcaption><\/figure>\n<\/div>\n\n\n<h2 class=\"wp-block-heading\"><strong>Na m\u00eddia<\/strong><\/h2>\n\n\n\n<p class=\"wp-block-paragraph\">Nesses anos de trabalho, muitas mat\u00e9rias sobre ele foram feitas (tem uma pastinha aqui com algumas delas), mas uma (transcri\u00e7\u00e3o no fim desta p\u00e1gina), publicada no jornal O Estado de S.Paulo, em 15 de janeiro de 2002 resumiu bem o que acreditamos ser a proposta do site (at\u00e9 hoje) e na \u00e9poca, seu conte\u00fado.<\/p>\n\n\n\n<figure class=\"wp-block-image alignnone\"><a href=\"https:\/\/www.mochileiros.com\/blog\/sobre-o-mochila-brasil\/attachment\/marketingespontaneo\" rel=\"attachment wp-att-13670\"><img loading=\"lazy\" decoding=\"async\" width=\"1024\" height=\"446\" src=\"https:\/\/www.mochileiros.com\/blog\/wp-content\/uploads\/2012\/09\/marketingespontaneo.jpg\" alt=\"Mat\u00e9ria no jornal O Estado de S.Paulo -15\/01\/2002 | Reprodu\u00e7\u00e3o.\" class=\"wp-image-13670\" srcset=\"https:\/\/www.mochileiros.com\/blog\/wp-content\/uploads\/2012\/09\/marketingespontaneo.jpg 1024w, https:\/\/www.mochileiros.com\/blog\/wp-content\/uploads\/2012\/09\/marketingespontaneo-300x131.jpg 300w, https:\/\/www.mochileiros.com\/blog\/wp-content\/uploads\/2012\/09\/marketingespontaneo-768x335.jpg 768w, https:\/\/www.mochileiros.com\/blog\/wp-content\/uploads\/2012\/09\/marketingespontaneo-313x136.jpg 313w, https:\/\/www.mochileiros.com\/blog\/wp-content\/uploads\/2012\/09\/marketingespontaneo-20x9.jpg 20w\" sizes=\"auto, (max-width: 1024px) 100vw, 1024px\" \/><\/a><figcaption class=\"wp-element-caption\">Mat\u00e9ria no jornal O Estado de S.Paulo -15\/01\/2002 | Reprodu\u00e7\u00e3o.<\/figcaption><\/figure>\n\n\n\n<h3 class=\"wp-block-heading\">&nbsp;<\/h3>\n\n\n\n<h3 class=\"wp-block-heading\"><strong>Curiosidade &#8211; O primeiro mochil\u00e3o internacional<\/strong><\/h3>\n\n\n\n<p class=\"wp-block-paragraph\">Nossa primeira viagem internacional foi em 2000\/2001, para a Bol\u00edvia. H\u00e1 24 anos o pa\u00eds n\u00e3o era um destino t\u00e3o popular (nem entre os mochileiros) no Brasil, tanto que um dos principais jornais de l\u00e1 (o El deber), achou curiosa a viagem de 2 mochileiros brasileiros pelo pa\u00eds e publicou uma entrevista com a gente na revista (Extra) dominical deles.<\/p>\n\n\n\n<figure class=\"wp-block-image alignnone\"><a href=\"https:\/\/www.mochileiros.com\/blog\/sobre-o-mochila-brasil\/attachment\/entrevistaeldeber\" rel=\"attachment wp-att-13672\"><img loading=\"lazy\" decoding=\"async\" width=\"1024\" height=\"768\" src=\"https:\/\/www.mochileiros.com\/blog\/wp-content\/uploads\/2012\/09\/entrevistaeldeber.jpg\" alt=\"Entrevista na revista Extra do jornal El deber - 20\/05\/2001 | Reprodu\u00e7\u00e3o.\" class=\"wp-image-13672\" srcset=\"https:\/\/www.mochileiros.com\/blog\/wp-content\/uploads\/2012\/09\/entrevistaeldeber.jpg 1024w, https:\/\/www.mochileiros.com\/blog\/wp-content\/uploads\/2012\/09\/entrevistaeldeber-300x225.jpg 300w, https:\/\/www.mochileiros.com\/blog\/wp-content\/uploads\/2012\/09\/entrevistaeldeber-768x576.jpg 768w, https:\/\/www.mochileiros.com\/blog\/wp-content\/uploads\/2012\/09\/entrevistaeldeber-313x235.jpg 313w, https:\/\/www.mochileiros.com\/blog\/wp-content\/uploads\/2012\/09\/entrevistaeldeber-20x15.jpg 20w\" sizes=\"auto, (max-width: 1024px) 100vw, 1024px\" \/><\/a><figcaption class=\"wp-element-caption\">Entrevista na revista Extra do jornal El deber &#8211; 20\/05\/2001 | Reprodu\u00e7\u00e3o.<\/figcaption><\/figure>\n\n\n\n<p class=\"wp-block-paragraph\">Mais recentemente uma mat\u00e9ria falando sobre<span style=\"text-decoration: underline;\"><a href=\"http:\/\/viagem.uol.com.br\/noticias\/2015\/04\/22\/mochilao-atraves-dos-tempos-tres-geracoes-contam-o-que-mudou-ou-nao.htm#fotoNav=9\" target=\"_blank\" rel=\"noopener noreferrer\"> &#8216;Mochil\u00e3o atrav\u00e9s dos tempos: tr\u00eas gera\u00e7\u00f5es contam o que mudou&#8217;<\/a> <\/span>tamb\u00e9m fala um pouco da nossa experi\u00eancia.<\/p>\n\n\n<div class=\"wp-block-image\">\n<figure class=\"aligncenter\"><a href=\"https:\/\/www.mochileiros.com\/blog\/sobre-o-mochila-brasil\/attachment\/sobrenos0000\" rel=\"attachment wp-att-15289\"><img loading=\"lazy\" decoding=\"async\" width=\"670\" height=\"684\" src=\"https:\/\/www.mochileiros.com\/blog\/wp-content\/uploads\/2012\/09\/sobrenos0000.jpg\" alt=\"Foto: Reprodu\u00e7\u00e3o.\" class=\"wp-image-15289\" srcset=\"https:\/\/www.mochileiros.com\/blog\/wp-content\/uploads\/2012\/09\/sobrenos0000.jpg 670w, https:\/\/www.mochileiros.com\/blog\/wp-content\/uploads\/2012\/09\/sobrenos0000-294x300.jpg 294w, https:\/\/www.mochileiros.com\/blog\/wp-content\/uploads\/2012\/09\/sobrenos0000-313x320.jpg 313w, https:\/\/www.mochileiros.com\/blog\/wp-content\/uploads\/2012\/09\/sobrenos0000-20x20.jpg 20w\" sizes=\"auto, (max-width: 670px) 100vw, 670px\" \/><\/a><figcaption class=\"wp-element-caption\">Foto: Reprodu\u00e7\u00e3o.<\/figcaption><\/figure>\n<\/div>\n\n\n<p class=\"wp-block-paragraph\"><strong>Transcri\u00e7\u00e3o da mat\u00e9ria publicada no jornal O Estado de S.Paulo:<\/strong><br \/><em>&#8220;Est\u00e1 no ar a p\u00e1gina virtual que faltava aos backpackers brasileiros<\/em><br \/><em>O www.mochilabrasil.com.br converteu-se no portal oficial dos backpackers brazucas. N\u00e3o \u00e9 a toa.<\/em><br \/><em>Exemplo pr\u00e1tico: que site d\u00e1, de m\u00e3o beijada, informa\u00e7\u00f5es de servi\u00e7os imprescind\u00edveis ao turista de bolso curto, como passes de trem, de \u00f4nibus e overlands que os transportam a locais de dif\u00edcil acesso por pre\u00e7os m\u00ednimos? Pois \u00e9&#8230; Na mesma linha de utilidade p\u00fablica funciona o link Hospedagem Econ\u00f4mica, com pousadas e albergues mais baratos do Brasil. As di\u00e1rias variam, acreditem de R$ 4,00 a R$ 50,00. O site dedicado ao mundo dos mochileiros ainda traz como alternativa links para organismos e institui\u00e7\u00f5es que oferecem emprego para quem pretende angariar recursos durante a viagem. Basta clicar em Trampo na Trip. Al\u00e9m de dicas e relatos de viagem feitos pelos pr\u00f3prios usu\u00e1rios, o site tamb\u00e9m traz reportagens e not\u00edcias atualizadas sobre o mercado de turismo e afins. O ponto negativo \u00e9 o fundo preto da tela, que inegavelmente d\u00e1 uma cara original \u00e0 home page, mas em compensa\u00e7\u00e3o cansa demais a vista. Mesmo assim, n\u00e3o desista sem antes entrar em Ecoguia-Brasil, onde h\u00e1 informa\u00e7\u00f5es sobre ecoturismo em solo nacional, parques nacionais e temas ligados \u00e0 \u00e1rea. Tamb\u00e9m h\u00e1 dicas de livros sobre turismo alternativo e explica\u00e7\u00f5es did\u00e1ticas a respeito dos esportes de a\u00e7\u00e3o mais populares. Convenhamos, servi\u00e7o completo&#8221;.<\/em><\/p>\n\n\n\n<p class=\"wp-block-paragraph\"><strong>&gt;&gt; Leia tamb\u00e9m:&nbsp;<a href=\"https:\/\/www.mochileiros.com\/blog\/aviso-legal\" target=\"_blank\" rel=\"noopener noreferrer\">Aviso legal<\/a>&nbsp;e para anunciar no Mochileiros.com, <span style=\"text-decoration: underline;\"><a href=\"https:\/\/www.mochileiros.com\/blog\/publicidade\" target=\"_blank\" rel=\"noopener noreferrer\">aqui<\/a><\/span>.<\/strong><\/p>\n\n\n\n<p class=\"wp-block-paragraph\"><strong>&gt;&gt; Para falar conosco envie e-mail para <span style=\"text-decoration: underline;\"><a href=\"mailto:redacao@mochilabrasil.com.br\">redacao@mochilabrasil.com.br<\/a><\/span>.<\/strong><\/p>\n\n\n\n<h3 class=\"wp-block-heading\">Conhe\u00e7a antigas vers\u00f5es do Mochila Brasil (hoje blog do Mochileiros.com) nas imagens abaixo ou <span style=\"text-decoration: underline;\"><a href=\"https:\/\/web.archive.org\/web\/*\/mochilabrasil.uol.com.br\" target=\"_blank\" rel=\"noopener noreferrer\">aqui<\/a><\/span>:<\/h3>\n\n\n<div class=\"wp-block-image wp-image-3149 size-full\">\n<figure class=\"aligncenter\"><img loading=\"lazy\" decoding=\"async\" width=\"300\" height=\"169\" src=\"https:\/\/www.mochileiros.com\/blog\/wp-content\/uploads\/2012\/09\/mb1999.gif\" alt=\"\" class=\"wp-image-3149\"><figcaption class=\"wp-element-caption\">Em 1997\/1999, com dois Ls e ainda no extinto dom\u00ednio CJB.net \/ Reprodu\u00e7\u00e3o: WebArchive<\/figcaption><\/figure>\n<\/div>\n\n<div class=\"wp-block-image wp-image-3150 size-full\">\n<figure class=\"aligncenter\"><img loading=\"lazy\" decoding=\"async\" width=\"300\" height=\"169\" src=\"https:\/\/www.mochileiros.com\/blog\/wp-content\/uploads\/2012\/09\/mb2001.gif\" alt=\"\" class=\"wp-image-3150\"><figcaption class=\"wp-element-caption\">Em 2001 \/ Reprodu\u00e7\u00e3o: WebArchive<\/figcaption><\/figure>\n<\/div>\n\n<div class=\"wp-block-image wp-image-3151 size-full\">\n<figure class=\"aligncenter\"><img loading=\"lazy\" decoding=\"async\" width=\"299\" height=\"207\" src=\"https:\/\/www.mochileiros.com\/blog\/wp-content\/uploads\/2012\/09\/mb2002.gif\" alt=\"\" class=\"wp-image-3151\"><figcaption class=\"wp-element-caption\">Em 2002 \/ Reprodu\u00e7\u00e3o: WebArchive<\/figcaption><\/figure>\n<\/div>\n\n<div class=\"wp-block-image wp-image-3152 size-full\">\n<figure class=\"aligncenter\"><img loading=\"lazy\" decoding=\"async\" width=\"300\" height=\"274\" src=\"https:\/\/www.mochileiros.com\/blog\/wp-content\/uploads\/2012\/09\/mb2005.jpg\" alt=\"\" class=\"wp-image-3152\" srcset=\"https:\/\/www.mochileiros.com\/blog\/wp-content\/uploads\/2012\/09\/mb2005.jpg 300w, https:\/\/www.mochileiros.com\/blog\/wp-content\/uploads\/2012\/09\/mb2005-20x18.jpg 20w\" sizes=\"auto, (max-width: 300px) 100vw, 300px\" \/><figcaption class=\"wp-element-caption\">Em 2005 \/ Reprodu\u00e7\u00e3o: WebArchive<\/figcaption><\/figure>\n<\/div>\n\n\n<p class=\"wp-block-paragraph\"><em>P\u00e1gina atualizada em 18\/03\/2025.<\/em><\/p>\n","protected":false},"excerpt":{"rendered":"<p>O Mochileiros.com \u00e9 uma das maiores comunidades online de viajantes independentes e mochileiros do Brasil. Criado em 1997, o site funciona como uma rede social \/ f\u00f3rum onde os usu\u00e1rios compartilham relatos de viagens, dicas, roteiros, informa\u00e7\u00f5es sobre hospedagens econ\u00f4micas, transporte e outras experi\u00eancias relacionadas ao turismo de Mochil\u00e3o e toda uma cultura que envolve [&hellip;]<\/p>\n","protected":false},"author":55,"featured_media":0,"parent":0,"menu_order":1,"comment_status":"open","ping_status":"closed","template":"","meta":{"googlesitekit_rrm_CAoiELM5mIOjYRN0nfylq3_9r-8:productID":"","_crdt_document":"","footnotes":""},"class_list":["post-1669","page","type-page","status-publish","hentry"],"_links":{"self":[{"href":"https:\/\/www.mochileiros.com\/blog\/wp-json\/wp\/v2\/pages\/1669","targetHints":{"allow":["GET"]}}],"collection":[{"href":"https:\/\/www.mochileiros.com\/blog\/wp-json\/wp\/v2\/pages"}],"about":[{"href":"https:\/\/www.mochileiros.com\/blog\/wp-json\/wp\/v2\/types\/page"}],"author":[{"embeddable":true,"href":"https:\/\/www.mochileiros.com\/blog\/wp-json\/wp\/v2\/users\/55"}],"replies":[{"embeddable":true,"href":"https:\/\/www.mochileiros.com\/blog\/wp-json\/wp\/v2\/comments?post=1669"}],"version-history":[{"count":4,"href":"https:\/\/www.mochileiros.com\/blog\/wp-json\/wp\/v2\/pages\/1669\/revisions"}],"predecessor-version":[{"id":73959,"href":"https:\/\/www.mochileiros.com\/blog\/wp-json\/wp\/v2\/pages\/1669\/revisions\/73959"}],"wp:attachment":[{"href":"https:\/\/www.mochileiros.com\/blog\/wp-json\/wp\/v2\/media?parent=1669"}],"curies":[{"name":"wp","href":"https:\/\/api.w.org\/{rel}","templated":true}]}}