{"id":1384,"date":"2020-09-15T16:04:00","date_gmt":"2020-09-15T19:04:00","guid":{"rendered":"http:\/\/recart.wpsoul.com\/?page_id=1384"},"modified":"2021-11-02T15:04:49","modified_gmt":"2021-11-02T18:04:49","slug":"coupon-list","status":"publish","type":"page","link":"https:\/\/www.mochileiros.com\/descontos\/","title":{"rendered":"Cupom de Desconto"},"content":{"rendered":"\t\t<div data-elementor-type=\"wp-post\" data-elementor-id=\"1384\" class=\"elementor elementor-1384\">\n\t\t\t\t\t\t<section class=\"elementor-section elementor-top-section elementor-element elementor-element-62eb969 elementor-section-boxed elementor-section-height-default elementor-section-height-default\" data-id=\"62eb969\" data-element_type=\"section\" data-e-type=\"section\">\n\t\t\t\t\t\t<div class=\"elementor-container elementor-column-gap-default\">\n\t\t\t\t\t<div class=\"elementor-column elementor-col-100 elementor-top-column elementor-element elementor-element-efd2ebf\" data-id=\"efd2ebf\" data-element_type=\"column\" data-e-type=\"column\">\n\t\t\t<div class=\"elementor-widget-wrap elementor-element-populated\">\n\t\t\t\t\t\t<div class=\"elementor-element elementor-element-f92086e elementor-widget elementor-widget-wpsm_offer_list\" data-id=\"f92086e\" data-element_type=\"widget\" data-e-type=\"widget\" data-widget_type=\"wpsm_offer_list.default\">\n\t\t\t\t<div class=\"elementor-widget-container\">\n\t\t\t\t\t\t\t<div class=\"woo_offer_list \" data-filterargs='{\"post_type\":\"post\",\"posts_per_page\":12,\"order\":\"\",\"no_found_rows\":1,\"ignore_sticky_posts\":1}' data-template=\"postlistpart\" id=\"rh_filterid_563623151\" data-innerargs='{\"aff_link\":\"\"}'>\r\n\t\t\r\n\t\t\t\r\n\t\t\t    <div class=\"rh_offer_list  coupontype\"> \r\n             \r\n    <div class=\"rh_grid_image_3_col\">\r\n        <div class=\"rh_gr_img_first offer_thumb\"> \r\n            <div class=\"border-grey deal_img_wrap position-relative text-center width-100\"> \r\n            <div class=\"favorrightside wishonimage\"><div class=\"heart_thumb_wrap text-center\"><span class=\"flowhidden cell_wishlist\"><span class=\"heartplus\" data-post_id=\"1587\" data-informer=\"9\"><\/span><\/span><span data-wishcount=\"9\" id=\"wishcount1587\" class=\"thumbscount\">9<\/span> <\/div><\/div>      \r\n            <a title=\"Cupom Worldpackers: R$ 55 OFF - ABRIL 2026\" href=\"https:\/\/www.mochileiros.com\/descontos\/codigo-promocional-worldpackers\/\"   class=\"re_track_btn\">\r\n                          \r\n                <img decoding=\"async\" class=\"lazyload\" data-skip-lazy=\"\" data-src=\"https:\/\/www.mochileiros.com\/descontos\/wp-content\/uploads\/thumbs_dir\/facebook_logo-1-og1eioukj4rm0grrmv6bwq8ekli3i8vvy8x541uzyw.jpg\" height=\"92\" alt=\"Cupom Worldpackers: R$ 55 OFF &#8211; ABRIL 2026\" src=\"https:\/\/www.mochileiros.com\/descontos\/wp-content\/themes\/rehub-theme\/images\/default\/blank.gif\" \/>                        <\/a>\r\n            <div class=\" coupontype_deal_string deal_string border-top font70 lineheight25 text-center upper-text-trans\">Cupom<\/div>\r\n            <\/div>\r\n\r\n        <\/div>\r\n        <div class=\"rh_gr_top_middle\"> \r\n            <div class=\"woo_list_desc\">\r\n                <div class=\"woolist_meta mb10\">\r\n                                            <span class=\"date_ago mr5\">\r\n                            <i class=\"rhicon rhi-clock\"><\/i> \r\n                                                            1 semana atr\u00e1s                                                    <\/span>\r\n                    \r\n                    <span class=\"listtimeleft mr5 rh-nowrap\"> <i class=\"rhicon rhi-hourglass\"><\/i> 20 dias restantes<\/span>   \r\n                                          \r\n                <\/div>                        \r\n                <h2 class=\"font110 mb10 mt0 moblineheight20 \"><a href=\"https:\/\/www.mochileiros.com\/descontos\/codigo-promocional-worldpackers\/\"   class=\"re_track_btn\">Cupom Worldpackers: R$ 55 OFF - ABRIL 2026<\/a><\/h2>\r\n                \t\t\t\t\t\t\t\t\t\t\t\t\t\t\t\t\t\t\t\t\t\t\t\n\t\t\t\t\t\t\t\t\t\n\t\t \n\t\t\t\t\t        <div class=\"priced_block clearfix  pricefont110 rehub-main-color mobpricefont90 fontbold mb5 mr10 lineheight20 floatleft\">\n\t              \t        \t\n\t            \t            \t<span class=\"rh_price_wrapper\">\n\t            \t\t<span class=\"price_count\">\n\t            \t\t\t<span class=\"rh_regular_price\">R$ 55 de desconto<\/span>\n\t            \t\t\t\t            \t\t<\/span>\n\t            \t<\/span>\n\t            \t    \t\t\t\n\t\t    \t\t\t\t\t\t\t\t    \t\t\n\t\t        \t            \t        \n\t        <\/div>\n            \t\t\t\n\t                 \r\n                                                 \r\n                <div class=\"clearfix\"><\/div>                                                                                         \r\n            <\/div>               \r\n        <\/div>\r\n        <div class=\"rh_gr_middle_desc font80 lineheight15\">\r\n            Clique no bot\u00e3o \u201cAssinar com Desconto\u201d e ganhe R$ 55 de desconto na assinatura anual        <\/div>  \r\n        \n<div class=\"wp-block-group is-layout-flow wp-block-group-is-layout-flow\"><\/div>\n        <div class=\"rh_gr_btn_block\">\r\n            \t\t\t\t\t\t\t\t\t\t\t\t\t\t\t\t\t\t\t\t\t\t\t\n\t\t\t\t\t\t\t\t\t\n\t\t \n\t\t\t\t\t        <div class=\"priced_block clearfix  mobile_block_btnclock mb0\">\n\t              \t        \t\n\t            \t    \t\t\t    \t\t\t<span class=\"rh_button_wrapper\">\n\t\t            \t<a href=\"https:\/\/www.worldpackers.com\/pt-BR\/promo\/mochileiros?utm_campaign=mochileiros&#038;utm_medium=referral&#038;utm_source=affiliate\" class=\"btn_offer_block re_track_btn\" target=\"_blank\" rel=\"nofollow sponsored noopener\">\n\t\t\t            \t\t\t            \tAssinar com Desconto\t\t\t            \t\t\t            \t\t            <\/a>\n\t\t        \t<\/span>\n\t            \t\n\t\t    \t\t\t\t\t\t\t\t\t\t\t\t\t\t\t\t\t  \t<div class=\"rehub_offer_coupon not_masked_coupon \" data-clipboard-text=\"mochileiros\"><span class=\"coupon_text\">mochileiros<\/span> <i class=\"rhicon rhi-scissors fa-rotate-180\"><\/i>\n\t\t\t\t\t  \t<\/div>\n\t\t\t\t  \t\t\t    \t\t\n\t\t        \t            \t        \n\t        <\/div>\n            \t    \t\t    \t\t\t\n\t        <\/div>        \r\n    <\/div>\r\n        \r\n<\/div>\t\t\t\r\n\t\t\t    <div class=\"rh_offer_list  defdealtype\"> \r\n             \r\n    <div class=\"rh_grid_image_3_col\">\r\n        <div class=\"rh_gr_img_first offer_thumb\"> \r\n            <div class=\"border-grey deal_img_wrap position-relative text-center width-100\"> \r\n            <div class=\"favorrightside wishonimage\"><div class=\"heart_thumb_wrap text-center\"><span class=\"flowhidden cell_wishlist\"><span class=\"heartplus\" data-post_id=\"1626\" data-informer=\"4\"><\/span><\/span><span data-wishcount=\"4\" id=\"wishcount1626\" class=\"thumbscount\">4<\/span> <\/div><\/div>      \r\n            <a title=\"Cupom Seguros Promo: 20% OFF - ABRIL 2026\" href=\"https:\/\/www.mochileiros.com\/descontos\/seguros-promo-cupom-de-desconto\/\" class=\"re_track_btn\">\r\n                          \r\n                <img decoding=\"async\" class=\"lazyload\" data-skip-lazy=\"\" data-src=\"https:\/\/www.mochileiros.com\/descontos\/wp-content\/uploads\/thumbs_dir\/seguros-promo-logo-oe7cgope934ilu2txgy4g4526mbcxz3r02i5rso0wo.png\" height=\"92\" alt=\"Cupom Seguros Promo: 20% OFF &#8211; ABRIL 2026\" src=\"https:\/\/www.mochileiros.com\/descontos\/wp-content\/themes\/rehub-theme\/images\/default\/blank.gif\" \/>                        <\/a>\r\n            <div class=\" defdealtype_deal_string deal_string border-top font70 lineheight25 text-center upper-text-trans\">Oferta<\/div>\r\n            <\/div>\r\n\r\n        <\/div>\r\n        <div class=\"rh_gr_top_middle\"> \r\n            <div class=\"woo_list_desc\">\r\n                <div class=\"woolist_meta mb10\">\r\n                                            <span class=\"date_ago mr5\">\r\n                            <i class=\"rhicon rhi-clock\"><\/i> \r\n                                                            1 semana atr\u00e1s                                                    <\/span>\r\n                    \r\n                    <span class=\"listtimeleft mr5 rh-nowrap\"> <i class=\"rhicon rhi-hourglass\"><\/i> 19 dias restantes<\/span>   \r\n                                          \r\n                <\/div>                        \r\n                <h2 class=\"font110 mb10 mt0 moblineheight20 \"><a href=\"https:\/\/www.mochileiros.com\/descontos\/seguros-promo-cupom-de-desconto\/\" class=\"re_track_btn\">Cupom Seguros Promo: 20% OFF - ABRIL 2026<\/a><\/h2>\r\n                \t\t\t\t\t\t\t\t\t\t\t\t\t\t\t\t\t\t\t\t\t\t\t\n\t\t\t\t\t\t\t\t\t\n\t\t \n\t\t\t\t\t        <div class=\"priced_block clearfix  pricefont110 rehub-main-color mobpricefont90 fontbold mb5 mr10 lineheight20 floatleft\">\n\t              \t        \t\n\t            \t            \t<span class=\"rh_price_wrapper\">\n\t            \t\t<span class=\"price_count\">\n\t            \t\t\t<span class=\"rh_regular_price\">15% + 5% OFF<\/span>\n\t            \t\t\t\t            \t\t<\/span>\n\t            \t<\/span>\n\t            \t    \t\t\t\n\t\t    \t\t\t\t\t\t\t\t    \t\t\n\t\t        \t            \t        \n\t        <\/div>\n            \t\t\t\n\t                 \r\n                                                 \r\n                <div class=\"clearfix\"><\/div>                                                                                         \r\n            <\/div>               \r\n        <\/div>\r\n        <div class=\"rh_gr_middle_desc font80 lineheight15\">\r\n            Clique no bot\u00e3o \u201cFazer Cota\u00e7\u00e3o com Desconto\u201d e depois no bot\u00e3o \u201cAplicar Cupom de Desconto\u201d no site da Seguros Promo e garanta 15% de desconto em sua cota\u00e7\u00e3o de Seguro Viagem. E n\u00e3o para por a\u00ed! Pagando o plano escolhido no PIX, voc\u00ea garante mais 5% de desconto. Promo\u00e7\u00e3o v\u00e1lida para todos os planos de Seguro Viagem da plataforma.        <\/div>  \r\n        \n<div class=\"wp-block-group is-layout-flow wp-block-group-is-layout-flow\"><\/div>\n        <div class=\"rh_gr_btn_block\">\r\n            \t\t\t\t\t\t\t\t\t\t\t\t\t\t\t\t\t\t\t\t\t\t\t\n\t\t\t\t\t\t\t\t\t\n\t\t \n\t\t\t\t\t        <div class=\"priced_block clearfix  mobile_block_btnclock mb0\">\n\t              \t        \t\n\t            \t    \t\t\t    \t\t\t<span class=\"rh_button_wrapper\">\n\t\t            \t<a href=\"https:\/\/www.segurospromo.com.br\/?utm_medium=afiliado&#038;pcrid=1546&#038;utm_source=site-blog&#038;pcrtt=descontos\" class=\"btn_offer_block re_track_btn\" target=\"_blank\" rel=\"nofollow sponsored noopener\">\n\t\t\t            \t\t\t            \tFazer Cota\u00e7\u00e3o com Desconto\t\t\t            \t\t\t            \t\t            <\/a>\n\t\t        \t<\/span>\n\t            \t\n\t\t    \t\t\t\t\t\t\t\t    \t\t\n\t\t        \t            \t        \n\t        <\/div>\n            \t    \t\t    \t\t\t\n\t        <\/div>        \r\n    <\/div>\r\n        \r\n<\/div>\t\t\t\r\n\t\t\t    <div class=\"rh_offer_list  coupontype\"> \r\n             \r\n    <div class=\"rh_grid_image_3_col\">\r\n        <div class=\"rh_gr_img_first offer_thumb\"> \r\n            <div class=\"border-grey deal_img_wrap position-relative text-center width-100\"> \r\n            <div class=\"favorrightside wishonimage\"><div class=\"heart_thumb_wrap text-center\"><span class=\"flowhidden cell_wishlist\"><span class=\"heartplus\" data-post_id=\"2302\" data-informer=\"1\"><\/span><\/span><span data-wishcount=\"1\" id=\"wishcount2302\" class=\"thumbscount\">1<\/span> <\/div><\/div>      \r\n            <a title=\"Cupom Nomad: US$20 DE CASHBACK - ABRIL 2026\" href=\"https:\/\/www.mochileiros.com\/descontos\/cupom-nomad\/\" class=\"re_track_btn\">\r\n                          \r\n                <img decoding=\"async\" class=\"lazyload\" data-skip-lazy=\"\" data-src=\"https:\/\/www.mochileiros.com\/descontos\/wp-content\/uploads\/thumbs_dir\/65d3cbda0e685a4b8a1b3f8f_nomad-icon-rcjdenoz8b3hppm338jqxrkvvtl9swfvlz7qqho0pk.png\" height=\"92\" alt=\"Cupom Nomad: US$20 DE CASHBACK &#8211; ABRIL 2026\" src=\"https:\/\/www.mochileiros.com\/descontos\/wp-content\/themes\/rehub-theme\/images\/default\/blank.gif\" \/>                        <\/a>\r\n            <div class=\" coupontype_deal_string deal_string border-top font70 lineheight25 text-center upper-text-trans\">Cupom<\/div>\r\n            <\/div>\r\n\r\n        <\/div>\r\n        <div class=\"rh_gr_top_middle\"> \r\n            <div class=\"woo_list_desc\">\r\n                <div class=\"woolist_meta mb10\">\r\n                                            <span class=\"date_ago mr5\">\r\n                            <i class=\"rhicon rhi-clock\"><\/i> \r\n                                                            1 semana atr\u00e1s                                                    <\/span>\r\n                    \r\n                    <span class=\"listtimeleft mr5 rh-nowrap\"> <i class=\"rhicon rhi-hourglass\"><\/i> 19 dias restantes<\/span>   \r\n                                          \r\n                <\/div>                        \r\n                <h2 class=\"font110 mb10 mt0 moblineheight20 \"><a href=\"https:\/\/www.mochileiros.com\/descontos\/cupom-nomad\/\" class=\"re_track_btn\">Cupom Nomad: US$20 DE CASHBACK - ABRIL 2026<\/a><\/h2>\r\n                \t\t\t\t\t\t\t\t\t\t\t\t\t\t\t\t\t\t\t\t\t\t\t\n\t\t\t\t\n\t\t \n\t\t\t\t    \t\t\t\n\t                 \r\n                                                 \r\n                <div class=\"clearfix\"><\/div>                                                                                         \r\n            <\/div>               \r\n        <\/div>\r\n        <div class=\"rh_gr_middle_desc font80 lineheight15\">\r\n            Baixe o aplicativo Nomad (dispon\u00edvel na App Store e Google Play). Abra sua conta digital internacional em poucos minutos. No cadastro, insira nosso Cupom Nomad MOCHILEIROS20 e garanta seu b\u00f4nus.        <\/div>  \r\n        \n<div class=\"wp-block-group is-layout-flow wp-block-group-is-layout-flow\"><\/div>\n        <div class=\"rh_gr_btn_block\">\r\n            \t\t\t\t\t\t\t\t\t\t\t\t\t\t\t\t\t\t\t\t\t\t\t\n\t\t\t\t\n\t\t \n\t\t\t\t\t        <div class=\"priced_block clearfix  mobile_block_btnclock mb0\">\n\t              \t        \t\n\t            \t    \t\t\t    \t\t\t<span class=\"rh_button_wrapper\">\n\t\t            \t<a href=\"https:\/\/nomad.onelink.me\/wIQT\/mochileiros20\" class=\"btn_offer_block re_track_btn\" target=\"_blank\" rel=\"nofollow sponsored noopener\">\n\t\t\t            \t\t\t            \tBaixar App e Usar o Cupom\t\t\t            \t\t\t            \t\t            <\/a>\n\t\t        \t<\/span>\n\t            \t\n\t\t    \t\t\t\t\t\t\t\t\t\t\t\t\t\t\t\t\t  \t<div class=\"rehub_offer_coupon not_masked_coupon \" data-clipboard-text=\"MOCHILEIROS20\"><span class=\"coupon_text\">MOCHILEIROS20<\/span> <i class=\"rhicon rhi-scissors fa-rotate-180\"><\/i>\n\t\t\t\t\t  \t<\/div>\n\t\t\t\t  \t\t\t    \t\t\n\t\t        \t            \t        \n\t        <\/div>\n            \t    \t\t    \t\t\t\n\t        <\/div>        \r\n    <\/div>\r\n        \r\n<\/div>\t\t\r\n\t\t\r\n\t<\/div>\r\n\t<div class=\"clearfix\"><\/div>\r\n\r\n\t\t\t\t<\/div>\n\t\t\t\t<\/div>\n\t\t\t\t\t<\/div>\n\t\t<\/div>\n\t\t\t\t\t<\/div>\n\t\t<\/section>\n\t\t\t\t<section class=\"elementor-section elementor-top-section elementor-element elementor-element-b785a52 elementor-section-boxed elementor-section-height-default elementor-section-height-default\" data-id=\"b785a52\" data-element_type=\"section\" data-e-type=\"section\">\n\t\t\t\t\t\t<div class=\"elementor-container elementor-column-gap-default\">\n\t\t\t\t\t<div class=\"elementor-column elementor-col-100 elementor-top-column elementor-element elementor-element-6a45f10\" data-id=\"6a45f10\" data-element_type=\"column\" data-e-type=\"column\">\n\t\t\t<div class=\"elementor-widget-wrap elementor-element-populated\">\n\t\t\t\t\t\t<div class=\"elementor-element elementor-element-30b06dd elementor-widget elementor-widget-text-editor\" data-id=\"30b06dd\" data-element_type=\"widget\" data-e-type=\"widget\" data-widget_type=\"text-editor.default\">\n\t\t\t\t<div class=\"elementor-widget-container\">\n\t\t\t\t\t\t\t\t\t<h1 style=\"text-align: center;\">Cupom de Desconto e C\u00f3digo Promocional<\/h1>\n<p style=\"text-align: center;\">Aqui voc\u00ea sempre vai encontrar aquele <strong>Cupom de Desconto e<\/strong>&nbsp;<strong>C\u00f3digo Promocional<\/strong> para organizar seu mochil\u00e3o de forma independente e econ\u00f4mica.<\/p>\n<p style=\"text-align: center;\">Os melhores produtos e servi\u00e7os com descontos que s\u00f3 mochileiros conseguem!&nbsp;<\/p>\t\t\t\t\t\t\t\t<\/div>\n\t\t\t\t<\/div>\n\t\t\t\t\t<\/div>\n\t\t<\/div>\n\t\t\t\t\t<\/div>\n\t\t<\/section>\n\t\t\t\t<\/div>\n\t\t","protected":false},"excerpt":{"rendered":"<p>2 Cupom 5 meses atr\u00e1s 59 dias restantes C\u00f3digo Promocional Worldpackers US$ 10 de desconto US$ 10 de desconto na assinatura anual Assinar com Desconto mochileiros 0 Oferta 5 meses atr\u00e1s 59 dias restantes Seguros Promo Cupom de Desconto 15% + 5% OFF Use nosso Cupom de Desconto e ganhe 15%. Pague no boleto e [&hellip;]<\/p>\n","protected":false},"author":1,"featured_media":1972,"parent":0,"menu_order":0,"comment_status":"closed","ping_status":"closed","template":"elementor_header_footer","meta":{"footnotes":""},"class_list":["post-1384","page","type-page","status-publish","has-post-thumbnail","hentry"],"_links":{"self":[{"href":"https:\/\/www.mochileiros.com\/descontos\/wp-json\/wp\/v2\/pages\/1384","targetHints":{"allow":["GET"]}}],"collection":[{"href":"https:\/\/www.mochileiros.com\/descontos\/wp-json\/wp\/v2\/pages"}],"about":[{"href":"https:\/\/www.mochileiros.com\/descontos\/wp-json\/wp\/v2\/types\/page"}],"author":[{"embeddable":true,"href":"https:\/\/www.mochileiros.com\/descontos\/wp-json\/wp\/v2\/users\/1"}],"replies":[{"embeddable":true,"href":"https:\/\/www.mochileiros.com\/descontos\/wp-json\/wp\/v2\/comments?post=1384"}],"version-history":[{"count":0,"href":"https:\/\/www.mochileiros.com\/descontos\/wp-json\/wp\/v2\/pages\/1384\/revisions"}],"wp:featuredmedia":[{"embeddable":true,"href":"https:\/\/www.mochileiros.com\/descontos\/wp-json\/wp\/v2\/media\/1972"}],"wp:attachment":[{"href":"https:\/\/www.mochileiros.com\/descontos\/wp-json\/wp\/v2\/media?parent=1384"}],"curies":[{"name":"wp","href":"https:\/\/api.w.org\/{rel}","templated":true}]}}